{"id":416,"date":"2023-01-25T04:28:33","date_gmt":"2023-01-25T04:28:33","guid":{"rendered":"https:\/\/digittransformation.com.mx\/Blog\/?page_id=416"},"modified":"2023-01-25T09:27:37","modified_gmt":"2023-01-25T09:27:37","slug":"ibm-cloud","status":"publish","type":"page","link":"https:\/\/digittransformation.com.mx\/Blog\/ibm-cloud\/","title":{"rendered":"IBM Cloud"},"content":{"rendered":"\t\t<div data-elementor-type=\"wp-page\" data-elementor-id=\"416\" class=\"elementor elementor-416\" data-elementor-post-type=\"page\">\n\t\t\t\t\t\t\t\t\t<section class=\"elementor-section elementor-top-section elementor-element elementor-element-6d764f8 elementor-section-full_width elementor-section-stretched elementor-section-height-default elementor-section-height-default\" data-id=\"6d764f8\" data-element_type=\"section\" data-settings=\"{&quot;stretch_section&quot;:&quot;section-stretched&quot;,&quot;background_background&quot;:&quot;classic&quot;}\">\n\t\t\t\t\t\t<div class=\"elementor-container elementor-column-gap-default\">\n\t\t\t\t\t<div class=\"elementor-column elementor-col-100 elementor-top-column elementor-element elementor-element-1e6a5f8\" data-id=\"1e6a5f8\" data-element_type=\"column\">\n\t\t\t<div class=\"elementor-widget-wrap elementor-element-populated\">\n\t\t\t\t\t\t\t\t<section class=\"elementor-section elementor-inner-section elementor-element elementor-element-18491a9 elementor-section-full_width elementor-section-height-default elementor-section-height-default\" data-id=\"18491a9\" data-element_type=\"section\">\n\t\t\t\t\t\t<div class=\"elementor-container elementor-column-gap-default\">\n\t\t\t\t\t<div class=\"elementor-column elementor-col-50 elementor-inner-column elementor-element elementor-element-63a957a\" data-id=\"63a957a\" data-element_type=\"column\">\n\t\t\t<div class=\"elementor-widget-wrap elementor-element-populated\">\n\t\t\t\t\t\t\t\t<div class=\"elementor-element elementor-element-cf0720f elementor-widget elementor-widget-image\" data-id=\"cf0720f\" data-element_type=\"widget\" data-widget_type=\"image.default\">\n\t\t\t\t<div class=\"elementor-widget-container\">\n\t\t\t<style>\/*! elementor - v3.14.0 - 26-06-2023 *\/\n.elementor-widget-image{text-align:center}.elementor-widget-image a{display:inline-block}.elementor-widget-image a img[src$=\".svg\"]{width:48px}.elementor-widget-image img{vertical-align:middle;display:inline-block}<\/style>\t\t\t\t\t\t\t\t\t\t\t\t<img loading=\"lazy\" decoding=\"async\" width=\"1024\" height=\"689\" src=\"https:\/\/digittransformation.com.mx\/Blog\/wp-content\/uploads\/2023\/01\/logo-ibm-cloud-1024x689.png\" class=\"attachment-large size-large wp-image-467\" alt=\"\" srcset=\"https:\/\/digittransformation.com.mx\/Blog\/wp-content\/uploads\/2023\/01\/logo-ibm-cloud-1024x689.png 1024w, https:\/\/digittransformation.com.mx\/Blog\/wp-content\/uploads\/2023\/01\/logo-ibm-cloud-300x202.png 300w, https:\/\/digittransformation.com.mx\/Blog\/wp-content\/uploads\/2023\/01\/logo-ibm-cloud-768x517.png 768w, https:\/\/digittransformation.com.mx\/Blog\/wp-content\/uploads\/2023\/01\/logo-ibm-cloud-1536x1034.png 1536w, https:\/\/digittransformation.com.mx\/Blog\/wp-content\/uploads\/2023\/01\/logo-ibm-cloud.png 1649w\" sizes=\"auto, (max-width: 1024px) 100vw, 1024px\" \/>\t\t\t\t\t\t\t\t\t\t\t\t\t\t\t<\/div>\n\t\t\t\t<\/div>\n\t\t\t\t\t<\/div>\n\t\t<\/div>\n\t\t\t\t<div class=\"elementor-column elementor-col-50 elementor-inner-column elementor-element elementor-element-63ebacf\" data-id=\"63ebacf\" data-element_type=\"column\">\n\t\t\t<div class=\"elementor-widget-wrap elementor-element-populated\">\n\t\t\t\t\t\t\t\t<div class=\"elementor-element elementor-element-f3d93dd elementor-widget elementor-widget-heading\" data-id=\"f3d93dd\" data-element_type=\"widget\" data-widget_type=\"heading.default\">\n\t\t\t\t<div class=\"elementor-widget-container\">\n\t\t\t<style>\/*! elementor - v3.14.0 - 26-06-2023 *\/\n.elementor-heading-title{padding:0;margin:0;line-height:1}.elementor-widget-heading .elementor-heading-title[class*=elementor-size-]>a{color:inherit;font-size:inherit;line-height:inherit}.elementor-widget-heading .elementor-heading-title.elementor-size-small{font-size:15px}.elementor-widget-heading .elementor-heading-title.elementor-size-medium{font-size:19px}.elementor-widget-heading .elementor-heading-title.elementor-size-large{font-size:29px}.elementor-widget-heading .elementor-heading-title.elementor-size-xl{font-size:39px}.elementor-widget-heading .elementor-heading-title.elementor-size-xxl{font-size:59px}<\/style><h2 class=\"elementor-heading-title elementor-size-default\">IBM Power On Cloud<\/h2>\t\t<\/div>\n\t\t\t\t<\/div>\n\t\t\t\t\t<\/div>\n\t\t<\/div>\n\t\t\t\t\t\t\t<\/div>\n\t\t<\/section>\n\t\t\t\t<section class=\"elementor-section elementor-inner-section elementor-element elementor-element-45056d5 elementor-section-full_width elementor-section-height-default elementor-section-height-default\" data-id=\"45056d5\" data-element_type=\"section\">\n\t\t\t\t\t\t<div class=\"elementor-container elementor-column-gap-default\">\n\t\t\t\t\t<div class=\"elementor-column elementor-col-50 elementor-inner-column elementor-element elementor-element-87782c7\" data-id=\"87782c7\" data-element_type=\"column\">\n\t\t\t<div class=\"elementor-widget-wrap elementor-element-populated\">\n\t\t\t\t\t\t\t\t<div class=\"elementor-element elementor-element-d03b923 elementor-widget elementor-widget-heading\" data-id=\"d03b923\" data-element_type=\"widget\" data-widget_type=\"heading.default\">\n\t\t\t\t<div class=\"elementor-widget-container\">\n\t\t\t<h2 class=\"elementor-heading-title elementor-size-default\">\u00bfQu\u00e9 es un servidor virtual de Power Systems?\n<\/h2>\t\t<\/div>\n\t\t\t\t<\/div>\n\t\t\t\t<div class=\"elementor-element elementor-element-d5ccc01 elementor-widget elementor-widget-text-editor\" data-id=\"d5ccc01\" data-element_type=\"widget\" data-widget_type=\"text-editor.default\">\n\t\t\t\t<div class=\"elementor-widget-container\">\n\t\t\t<style>\/*! elementor - v3.14.0 - 26-06-2023 *\/\n.elementor-widget-text-editor.elementor-drop-cap-view-stacked .elementor-drop-cap{background-color:#69727d;color:#fff}.elementor-widget-text-editor.elementor-drop-cap-view-framed .elementor-drop-cap{color:#69727d;border:3px solid;background-color:transparent}.elementor-widget-text-editor:not(.elementor-drop-cap-view-default) .elementor-drop-cap{margin-top:8px}.elementor-widget-text-editor:not(.elementor-drop-cap-view-default) .elementor-drop-cap-letter{width:1em;height:1em}.elementor-widget-text-editor .elementor-drop-cap{float:left;text-align:center;line-height:1;font-size:50px}.elementor-widget-text-editor .elementor-drop-cap-letter{display:inline-block}<\/style>\t\t\t\t<p>IBM\u00ae Power Systems\u2122 Virtual Server es una oferta de Power Systems. Los servidores virtuales de Power Systems est\u00e1n ubicados en los centros de datos de IBM, distintos de los servidores de IBM Cloud con redes separadas y almacenamiento adjunto directo. El entorno est\u00e1 en su propio m\u00f3dulo y las redes internas est\u00e1n cercadas, pero ofrecen opciones de conectividad para cumplir con los requisitos del cliente. Este dise\u00f1o de infraestructura permite que Power Systems Virtual Server mantenga la certificaci\u00f3n y el soporte de software empresarial clave, ya que la arquitectura de Power Systems Virtual Server es id\u00e9ntica a la infraestructura local certificada. Los servidores virtuales, tambi\u00e9n conocidos como particiones l\u00f3gicas (LPAR), se ejecutan en hardware de IBM Power Systems con el hipervisor PowerVM.<\/p>Con el servicio Power Systems Virtual Server, puede crear e implementar r\u00e1pidamente uno o m\u00e1s servidores virtuales (que ejecutan los sistemas operativos AIX, IBM i o Linux). Despu\u00e9s de aprovisionar el servidor virtual de Power Systems, obtiene acceso a la infraestructura y los recursos inform\u00e1ticos f\u00edsicos sin necesidad de administrarlos u operarlos. Sin embargo, debe administrar el sistema operativo y las aplicaciones de software y los datos. El siguiente gr\u00e1fico representa una matriz de asignaci\u00f3n de responsabilidad (RACI) para Power Systems Virtual Servers:<\/span><\/p>\t\t\t\t\t\t<\/div>\n\t\t\t\t<\/div>\n\t\t\t\t\t<\/div>\n\t\t<\/div>\n\t\t\t\t<div class=\"elementor-column elementor-col-50 elementor-inner-column elementor-element elementor-element-63ef560\" data-id=\"63ef560\" data-element_type=\"column\">\n\t\t\t<div class=\"elementor-widget-wrap\">\n\t\t\t\t\t\t\t\t\t<\/div>\n\t\t<\/div>\n\t\t\t\t\t\t\t<\/div>\n\t\t<\/section>\n\t\t\t\t\t<\/div>\n\t\t<\/div>\n\t\t\t\t\t\t\t<\/div>\n\t\t<\/section>\n\t\t\t\t\t\t\t<\/div>\n\t\t","protected":false},"excerpt":{"rendered":"<p>IBM Power On Cloud \u00bfQu\u00e9 es un servidor virtual de Power Systems? IBM\u00ae Power Systems\u2122 Virtual Server es una oferta de Power Systems. Los servidores virtuales de Power Systems est\u00e1n ubicados en los centros de datos de IBM, distintos de los servidores de IBM Cloud con redes separadas y almacenamiento adjunto directo. El entorno est\u00e1 &hellip;<\/p>\n<p class=\"read-more\"> <a class=\"\" href=\"https:\/\/digittransformation.com.mx\/Blog\/ibm-cloud\/\"> <span class=\"screen-reader-text\">IBM Cloud<\/span> Leer m\u00e1s &raquo;<\/a><\/p>\n","protected":false},"author":1,"featured_media":0,"parent":0,"menu_order":0,"comment_status":"closed","ping_status":"closed","template":"","meta":{"site-sidebar-layout":"no-sidebar","site-content-layout":"page-builder","ast-global-header-display":"","ast-banner-title-visibility":"","ast-main-header-display":"","ast-hfb-above-header-display":"","ast-hfb-below-header-display":"","ast-hfb-mobile-header-display":"","site-post-title":"disabled","ast-breadcrumbs-content":"","ast-featured-img":"disabled","footer-sml-layout":"","theme-transparent-header-meta":"","adv-header-id-meta":"","stick-header-meta":"","header-above-stick-meta":"","header-main-stick-meta":"","header-below-stick-meta":"","footnotes":""},"class_list":["post-416","page","type-page","status-publish","hentry"],"_links":{"self":[{"href":"https:\/\/digittransformation.com.mx\/Blog\/wp-json\/wp\/v2\/pages\/416","targetHints":{"allow":["GET"]}}],"collection":[{"href":"https:\/\/digittransformation.com.mx\/Blog\/wp-json\/wp\/v2\/pages"}],"about":[{"href":"https:\/\/digittransformation.com.mx\/Blog\/wp-json\/wp\/v2\/types\/page"}],"author":[{"embeddable":true,"href":"https:\/\/digittransformation.com.mx\/Blog\/wp-json\/wp\/v2\/users\/1"}],"replies":[{"embeddable":true,"href":"https:\/\/digittransformation.com.mx\/Blog\/wp-json\/wp\/v2\/comments?post=416"}],"version-history":[{"count":28,"href":"https:\/\/digittransformation.com.mx\/Blog\/wp-json\/wp\/v2\/pages\/416\/revisions"}],"predecessor-version":[{"id":494,"href":"https:\/\/digittransformation.com.mx\/Blog\/wp-json\/wp\/v2\/pages\/416\/revisions\/494"}],"wp:attachment":[{"href":"https:\/\/digittransformation.com.mx\/Blog\/wp-json\/wp\/v2\/media?parent=416"}],"curies":[{"name":"wp","href":"https:\/\/api.w.org\/{rel}","templated":true}]}}